{"id":1766,"date":"2024-12-23T07:55:30","date_gmt":"2024-12-23T07:55:30","guid":{"rendered":"https:\/\/tunakatircibasi.com\/?page_id=1766"},"modified":"2026-03-05T14:24:03","modified_gmt":"2026-03-05T14:24:03","slug":"publications","status":"publish","type":"page","link":"https:\/\/tunakatircibasi.com\/en\/publications\/","title":{"rendered":"Publications"},"content":{"rendered":"<h2><strong> <u>Articles published in international peer-reviewed journals :<\/u><\/strong><\/h2>\n<p><strong>A1<\/strong>. <a href=\"http:\/\/www.ncbi.nlm.nih.gov\/pubmed\/16272775?ordinalpos=9&amp;itool=EntrezSystem2.PEntrez.Pubmed.Pubmed_ResultsPanel.Pubmed_RVDocSum\" target=\"_blank\" rel=\"noopener\"><strong>Katircibasi MT<\/strong>, Canatar T, Kocum HT, Erol T, Tekin G, Demircan S, Tekin A, Sezgin AT, Baltali M, Muderrisoglu H.<\/a> \u201cDecreased heart rate recovery in patients with heart failure: effect of fluvastatin therapy.\u201d Int Heart J.; 46(5):845-54; Sep (2005)<\/p>\n<p><strong>A2.<\/strong> <a href=\"http:\/\/www.ncbi.nlm.nih.gov\/pubmed\/17701883?ordinalpos=2&amp;itool=EntrezSystem2.PEntrez.Pubmed.Pubmed_ResultsPanel.Pubmed_RVDocSum\" target=\"_blank\" rel=\"noopener\"><strong>Katircibasi MT<\/strong>, Deniz F, Pamukcu B, Binici S, Atar I.<\/a> \u201cEffects of short-term propylthiouracil treatment on p wave duration and p wave dispersion in patients with overt hyperthyroidism.\u201d Exp Clin Endocrinol Diabetes.115(6):376-9; Jun (2007)<\/p>\n<p><strong>A3.<\/strong> <strong>Kat\u0131rc\u0131ba\u015f\u0131 MT<\/strong> , Ko\u00e7um HT, Tekin A, Erol T, Tekin G, Baltal\u0131 M, M\u00fcderriso\u011flu H<\/p>\n<p>\u201cExercise-induced ST-segment elevation in leads aVR and V(1) for the prediction of left main disease.\u201d Int J Cardiol. 2008 Aug 18;128(2):240-3.<\/p>\n<p><strong>A4.<\/strong> <strong>Kat\u0131rc\u0131ba\u015f\u0131 MT<\/strong>, Ko\u00e7um HT, C\u00f6lkesen AY, Tekin A, Sezgin AT. \u201cManagement of Brucella endocarditis on native mitral valve in a patient with prosthetic aortic valve: A case report.\u201d Int J Cardiol. 2008 Sep 26;129(2):300-1.<\/p>\n<p><strong>A5. <\/strong><a href=\"http:\/\/www.ncbi.nlm.nih.gov\/pubmed\/17223991?ordinalpos=5&amp;itool=EntrezSystem2.PEntrez.Pubmed.Pubmed_ResultsPanel.Pubmed_RVDocSum\" target=\"_blank\" rel=\"noopener\">Deniz F, <strong>Katircibasi MT<\/strong>, Pamukcu B, Binici S, Sanisoglu SY.<\/a> \u201cAssociation of metabolic syndrome with impaired heart rate recovery and low exercise capacity in young male adults.\u201dClin Endocrinol (Oxf). 66(2):218-23; Feb, (2007)<\/p>\n<p><strong>A6. . <\/strong>Kocum HT, <strong>Katircibasi MT<\/strong>, Sezgin AT, Atalay H. \u201cAn unusual cause of mismanagement in an acute myocardial infarction case: pseudothrombocytopenia\u201d. Am J Emerg Med. 2007 (in press)<\/p>\n<p><strong>A7.<\/strong> Kiykim AA, Uyar B<strong>, Katirciba\u015fi T<\/strong>, Ocal K, Yildiz A, Ozer C. Successful treatment of enterocutaneous fistula in a hemodialysis patient with somatostatin. Yonsei Med J. 2009 Dec 31;50(6):865-6. doi: 10.3349\/ymj.2009.50.6.865. Epub 2009 Dec<\/p>\n<p><strong> A8.<\/strong> Erol T, Tekin A<strong>, Kat\u0131rc\u0131ba\u015f\u0131 MT,<\/strong> Sezgin N, Bilgi M, Tekin G, Z\u00fcmr\u00fctdal A, Sezgin AT, M\u00fcderriso\u011flu H. Efficacy of allopurinol pretreatment for prevention of contrast-induced nephropathy: a randomized controlled trial Int J Cardiol. 2013 Aug 20;167(4):1396-9. doi: 10.1016\/j.ijcard.2012.04.068. Epub 2012 May 8.<\/p>\n<p><strong>A9.<\/strong> <a href=\"http:\/\/www.ncbi.nlm.nih.gov\/pubmed\/15346095?ordinalpos=13&amp;itool=EntrezSystem2.PEntrez.Pubmed.Pubmed_ResultsPanel.Pubmed_RVDocSum\" target=\"_blank\" rel=\"noopener\">Doven O, Akkus MN, Camsari A, Pekdemir H, Cicek D, Kanik A, Sucu N, Aytaco\u011flu B, <strong>Katircibasi MT<\/strong>, Cin VG.<\/a> \u201cImpact of invasive strategy for the management of patients with cardiogenic shock after acute myocardial infarction.\u201d Coron Artery Dis. 15(6):361-6 Sep; (2004)<\/p>\n<p><strong>A10.<\/strong> <a href=\"http:\/\/www.ncbi.nlm.nih.gov\/pubmed\/14731213?ordinalpos=19&amp;itool=EntrezSystem2.PEntrez.Pubmed.Pubmed_ResultsPanel.Pubmed_RVDocSum\" target=\"_blank\" rel=\"noopener\">Pekdemir H, Cicek D, Camsari A, Akkus MN, Cin VG, Doven O, Parmaksiz HT, <strong>Katircibasi MT<\/strong>, Ozcan IT.<\/a> \u201cThe relationship between plasma endothelin-1, nitric oxide levels, and heart rate variability in patients with coronary slow flow.\u201d Ann Noninvasive Electrocardiol. 9(1):24-33.Jan ;(2004)<\/p>\n<p><strong>A11.<\/strong> <a href=\"http:\/\/www.ncbi.nlm.nih.gov\/pubmed\/15255462?ordinalpos=15&amp;itool=EntrezSystem2.PEntrez.Pubmed.Pubmed_ResultsPanel.Pubmed_RVDocSum\" target=\"_blank\" rel=\"noopener\">Ci\u00e7ek D, Pekdemir H, Camsari A, Polat G, Akkus N, Cin G, Doven O, <strong>Katircibasi T<\/strong>.<\/a><\/p>\n<p>\u201cEffects of atrial pacing on coronary sinus endothelin-1 and nitric oxide levels in patients with myocardial bridging.\u201d Acta Cardiol. 59(3):297-303. Jun ;(2004)<\/p>\n<p><strong>A12.<\/strong> <a href=\"http:\/\/www.ncbi.nlm.nih.gov\/pubmed\/15336804?ordinalpos=14&amp;itool=EntrezSystem2.PEntrez.Pubmed.Pubmed_ResultsPanel.Pubmed_RVDocSum\" target=\"_blank\" rel=\"noopener\">Pekdemir H, Polat G, Cin VG, Camsari A, Cicek D, Akkus MN, Doven O, <strong>Katircibasi<\/strong> <strong>MT<\/strong>, Muslu N.<\/a> \u201cElevated plasma endothelin-1 levels in coronary sinus during rapid right atrial pacing in patients with slow coronary flow.\u201d Int J Cardiol. 97(1):35-41 Oct; (2004)<\/p>\n<p><strong>A13.<\/strong> <a href=\"http:\/\/www.ncbi.nlm.nih.gov\/pubmed\/14973345?ordinalpos=18&amp;itool=EntrezSystem2.PEntrez.Pubmed.Pubmed_ResultsPanel.Pubmed_RVDocSum\" target=\"_blank\" rel=\"noopener\">Camsari A, D\u00f6ven O, Pekdemir H, Ci\u00e7ek D, <strong>Katirciba\u015fi T<\/strong>, Parmak\u015fiz T, Akku\u015f MN, Cin VG.<\/a> \u201cEarly and late angiographic and clinical outcome following helistent stent implantation.\u201d Jpn Heart J.45(1):1-10 Jan; (2004)<\/p>\n<p><strong>A14.<\/strong> <a href=\"http:\/\/www.ncbi.nlm.nih.gov\/pubmed\/16505955?ordinalpos=8&amp;itool=EntrezSystem2.PEntrez.Pubmed.Pubmed_ResultsPanel.Pubmed_RVDocSum\" target=\"_blank\" rel=\"noopener\">Yildirim SV, T\u00fcrk\u00f6z R, Oguzkurt L, G\u00fclcan O, <strong>Katircibasi T<\/strong>.<\/a>\u201dRuptured sinus valsalva aneurysm originating from the left coronary sinus: report of a rare case with computed tomography findings.\u201d Int J Cardiovasc Imaging. 22(3-4):399-402, Jun-Aug;. (2006)<\/p>\n<p><strong>A15.<\/strong> <a href=\"http:\/\/www.ncbi.nlm.nih.gov\/pubmed\/14639018?ordinalpos=19&amp;itool=EntrezSystem2.PEntrez.Pubmed.Pubmed_ResultsPanel.Pubmed_RVDocSum\" target=\"_blank\" rel=\"noopener\">Camsari A, Pekdemir H, Cicek D, Polat G, Akkus MN, D\u00f6ven O, Cin VG,<strong> Katircibasi T, <\/strong>Parmaksiz T<strong>.<\/strong><\/a> \u201cEndothelin-1 and nitric oxide concentrations and their response to exercise in patients with slow coronary flow.\u201d Circ J. 67(12):1022-8, Dec; (2003)<\/p>\n<p><strong>A16.<\/strong> <a href=\"http:\/\/www.ncbi.nlm.nih.gov\/pubmed\/15240968?ordinalpos=16&amp;itool=EntrezSystem2.PEntrez.Pubmed.Pubmed_ResultsPanel.Pubmed_RVDocSum\" target=\"_blank\" rel=\"noopener\">Camsari A, Pekdemir H, Ci\u00e7ek D, <strong>Katircibasi T<\/strong>, Parmaksiz T, Doven O, Cin VG.<\/a><\/p>\n<p>\u201cEndothelin-1 and nitric oxide levels in patients with mitral annulus calcification.\u201d<\/p>\n<p>Jpn Heart J. 45(3):487-95. May; (2004)<\/p>\n<p><strong> A17.<\/strong> <a href=\"http:\/\/www.ncbi.nlm.nih.gov\/pubmed\/15353867?ordinalpos=12&amp;itool=EntrezSystem2.PEntrez.Pubmed.Pubmed_ResultsPanel.Pubmed_RVDocSum\" target=\"_blank\" rel=\"noopener\">Cicek D, Doven O, Pekdemir H, Camsari A, Akkus NM, Cin GV, Parmaksiz T, <strong>Katircibasi T<\/strong>.<\/a> \u201cProcedural results and distal embolization after saphenous vein graft stenting and angioplasty for in-stent restenosis of grafts.\u201d Jpn Heart J. 45 (4):561-71. Jul; (2004)<\/p>\n<p><strong>A18.<\/strong> <a href=\"http:\/\/www.ncbi.nlm.nih.gov\/pubmed\/18055040?ordinalpos=1&amp;itool=EntrezSystem2.PEntrez.Pubmed.Pubmed_ResultsPanel.Pubmed_RVDocSum\" target=\"_blank\" rel=\"noopener\">Tekin G, Tekin A, K\u0131l\u0131\u00e7arslan EB, Haydardedeo\u011flu B, <strong>Kat\u0131rc\u0131ba\u015f\u0131 T<\/strong>, Ko\u00e7um T, Erol T, C\u00f6lkesen Y, Sezgin AT, M\u00fcderriso\u011flu H.<\/a> \u201cAltered autonomic neural control of the cardiovascular system in patients with polycystic ovary syndrome.\u201d Int J Cardiol. 2008 Oct 30;130(1):49-55.<\/p>\n<p><strong>A19. <\/strong>Tekin G, Tekin A, Canatar T, Sipahi I, Unsal A, <strong>Katirciba\u015fi T<\/strong>, Ko\u00e7um T, Erol T, Yi\u011fit F, Demircan S, Ermi\u015f N, Sezgin AT, M\u00fcderriso\u011flu H. \u201cSimvastatin improves the attenuated heart rate recovery of type 2 diabetics. Pharmacol Res.\u201d;54(6):442-6. Dec;<strong> (2006)<\/strong><\/p>\n<p><strong>A20. <\/strong>Demircan S, Tekin A, Tekin G, Top\u00e7u S, Yi\u011fit F, Erol T, <strong>Katirciba\u015fi T<\/strong>, Sezgin AT, Baltali M, Ozin B, M\u00fcderriso\u011flu H. \u201cComparison of carotid intima-media thickness in patients with stable angina pectoris versus patients with acute coronary syndrome.\u201d<\/p>\n<p>Am J Cardiol. 1;96(5):643-4. Sep; (2005)<\/p>\n<p><strong>A21.<\/strong> D\u00f6ven O, Pekdemir H, Camsari A, Cicek D, <strong>Katirciba\u015fi MT<\/strong>, Atalay A, Akkus MN, Cin VG. \u201cFX minirail balloon angioplasty for the treatment of patients with in-stent restenosis: a matched comparison of 6 months&#8217; outcome with conventional balloon angioplasty. Heart Vessels.\u201d;19(5):230-6 Sep; (2004)<\/p>\n<p><strong>A22.<\/strong> <strong>Katircibasi MT<\/strong> G\u00fcne\u015f H, Aykan Ahmet \u00c7a\u011fr\u0131, \u00d6zg\u00fcl Sami Comparison of Ultrasound Guidance and Conventional Method for Common Femoral Artery Cannulation: A Prospective Study of 939 Patients. September 2018 Acta Cardiologica Sinica 34(5):394-398<\/p>\n<p><strong>A23<\/strong>&#8211; Kerk\u00fctl\u00fco\u011flu M, <strong>Katircibasi MT <\/strong>Implantation of Pacemaker in a Patient with Dextrocardia, Persistent Left Superior Vena Cava, TGA and Heart Block. December 2018 DOI: 10.23937\/iacvd-2017\/1710009<\/p>\n<p><strong>A24<\/strong> G\u00fcne\u015f H, <strong>Katircibasi MT, <\/strong>Balcio\u011flu AS et all A Safe and rapid technique for pacemaker implantation: Roadmap-guided subclavian vein puncture. January 2019 DOI: 10.4103\/IJCA.IJCA_10_19<\/p>\n<h2><u>Papers presented at international scientific meetings and published in the proceedings book (<em>Proceedings<\/em>) :<\/u><\/h2>\n<p><strong> B1. Katircibasi T, <\/strong>Baltali M, Kocum T, Kiziltan HT, Erol T, Atalay H, Demircan S, M\u00fcderrisoglu H \u201c Impact of female gender on the outcome of patients with left main coronary artery disease: a single center experience\u201d XXVIth Congress of The European Society of Cardiology Vol 26 , 245 Stocholm, Sweden, 2005<\/p>\n<p><strong>B2 <\/strong>Sezgin AT, <strong>Katircibasi T,<\/strong> Z\u00fcmr\u00fctdal A, Tekin G, Kocum T, Tekin A, Yigit F, Erol T, Ermis N, Sezgin N, Demircan S, M\u00fcderrisoglu H \u201cPrevention of Contrast Nephropathy With Allopurinol. A Randomized Controlled Trial\u201d Congress of The American College of Cardiology Vol 47 no 4 JAAC Supp Atlanta USA 2006<\/p>\n<p><strong>B3<\/strong>. Tekin G, Tekin A, Canatar T, Sipahi I, Unsal A, Erol T, Demircan S, Yigit F, <strong>Katircibasi T, <\/strong>Kocum HT, Sezgin AT, Baltali M, Muderrisoglu H \u201c Simvastatin Improves the Attenuated Heart Rate Recovery of Type 2 Diabetics. Congress of American Heart Association. Vol 114 No 18 Circ Supp 849 Chicago USA 2006<\/p>\n<p><strong>B4. <\/strong>Yigit F, Sezgin AT, Demircan S, Erol T, Tekin G, <strong>Katircibasi T<\/strong>, Tekin A, Baltali M, Muderrisoglu H \u201cRadial Versus Femoral Approach for Diagnostic Coronary Angiography in Turkish People\u201d 6th International Congress on Coronary Artrey Disease Vol 6, 116 Istanbul Turkey 2005<\/p>\n<p><strong>B5<\/strong>. Akkus MN, Pekdemir H, Camsari A, Cin VG, Doven O, <strong>Katircibasi T<\/strong>, Yenihan S, \u201cCutting Ballon Angioplasty for the Treatment of in Stent Restenosis in Diabetics: A Matched Comprasion of Six Months Outcome with Conventional Balon Angioplasty\u201d 3rd International Congress of Cardiologists of Turkish Speaking Countries Vol VIII 110 Bishkek Kyrgyzstan 2002<\/p>\n<p><strong>B6.<\/strong> Yigit F, Zumrutdal A, Baltali M, Demircan S, Tekin G, <strong>Katircibasi T,<\/strong> Sezgin AT, Muderrisoglu H, \u201cIncreased cardiac troponin I in patients with end stage renal failure is related with diastolic dysfunction,\u201d The 9 th Annual Meeting of the European Association of Echocardiography, a registered branch of the ESC, Florence, Italy, 2005<\/p>\n<p><strong>B7.<\/strong> Kany\u0131lmaz S, Alt\u0131n C <strong>Katircibasi T<\/strong>, Yildirir A, M\u00fcderrisoglu H ST Elevation Myocardial Infarction After Intravenous Injection of Hyoscine-N-Butylbromide. Atherosclerosis Supplements 11 no 2 (2010) 109-222<\/p>\n<h2><strong> <u>Articles published in national peer-reviewed journals :<\/u><\/strong><\/h2>\n<p><strong>D1.<\/strong> <a href=\"http:\/\/www.ncbi.nlm.nih.gov\/pubmed\/17513207?ordinalpos=4&amp;itool=EntrezSystem2.PEntrez.Pubmed.Pubmed_ResultsPanel.Pubmed_RVDocSum\" target=\"_blank\" rel=\"noopener\"><strong>Katirciba\u015fi MT<\/strong>, Ko\u00e7um HT, Baltali M, Erol T, Tekin A, Yi\u011fit F, Tekin G, Kiziltan HT, M\u00fcderriso\u011flu H.<\/a> Effect of female gender on the outcome of coronary artery bypass surgery for left main coronary artery disease. Anadolu Kardiyol Derg. 7(2):134-9. Jun; (2007)<\/p>\n<p><strong>D2.<\/strong> <a href=\"http:\/\/www.ncbi.nlm.nih.gov\/pubmed\/15033617?ordinalpos=17&amp;itool=EntrezSystem2.PEntrez.Pubmed.Pubmed_ResultsPanel.Pubmed_RVDocSum\" target=\"_blank\" rel=\"noopener\"><strong>Katirciba\u015fi MT<\/strong>, Camsari A, D\u00f6ven O, Pekdemir H, Akku\u015f N, Ci\u00e7ek D, Cin VG, Ozcan IT.<\/a> \u201cFemoral vascular complications after percutaneous femoral interventions.\u201d Anadolu Kardiyol Derg. 4(1):39-44. Mar; (2004)<\/p>\n<p><strong>D3.<\/strong> <a href=\"http:\/\/www.ncbi.nlm.nih.gov\/pubmed\/16943106?ordinalpos=7&amp;itool=EntrezSystem2.PEntrez.Pubmed.Pubmed_ResultsPanel.Pubmed_RVDocSum\" target=\"_blank\" rel=\"noopener\">Yi\u011fit F, Sezgin AT, Erol T, Demircan S, Tekin G, <strong>Katirciba\u015fi T<\/strong>, Tekin A, M\u00fcderriso\u011flu H.<\/a> An experience on radial versus femoral approach for diagnostic coronary angiography in Turkey. Anadolu Kardiyol Derg. 6(3):229-34. Sep; (2006)<\/p>\n<p><strong>D4. <\/strong>Pekdemir H, \u00c7amsar\u0131 A, Akku\u015f MN, D\u00f6ven O, \u00d6zcan \u0130T, <strong>Kat\u0131rc\u0131ba\u015f\u0131 MT<\/strong>, Cin VG. Short- and long-term outcomes of stent implantation in stable and unstable angina pectoris. Turkish Journal of Interventional Cardiology Volume 7 Issue 3,103-109; (2003)<\/p>\n<p><strong>D5<\/strong>. \u00c7amsar\u0131 A, Pekdemir H, \u00c7i\u00e7ek D, Akku\u015f MN, Parmaks\u0131z T, <strong>Kat\u0131rc\u0131ba\u015f\u0131 T<\/strong>, Cin VG, D\u00f6ven O. \u201cEffect of percutaneous transluminal coronary angioplasty on P wave duration, P wave dispersion and QT dispersion in patients with acute coronary syndrome\u201d Haydarpa\u015fa Cardiology and Cardiovascular Surgery Bulletin, volume 11 issue 1, 42-46; (2003)<\/p>\n<p><strong>D6<\/strong>. Pekdemir H, Toros F, \u00c7amsar\u0131 A, \u00c7i\u00e7ek D, Yurtda\u015f M, Parmaks\u0131z T, <strong>Kat\u0131rc\u0131ba\u015f\u0131 T<\/strong> \u201cEffects of methylphenidate use in the treatment of attention deficit hyperactivity disorder on cardiovascular functions\u201d Journal of Child and Adolescent Mental Health 10,1,9-16 (2003)<\/p>\n<p><strong>D7<\/strong>. Pekdemir H, \u00c7i\u00e7ek D, \u00c7amsar\u0131 A, Akku\u015f M.N., <strong>Kat\u0131rc\u0131ba\u015f\u0131 T.<\/strong>, \u00d6zcan \u0130T, Cin VG, D\u00f6ven O. \u201cRelationship between endothelin-1 and nitric oxide levels and left ventricular diastolic functions in patients with slow coronary flow\u201d Turkish Cardiology Journal volume 6 issue 4; (2003)<\/p>\n<p><strong>D8<\/strong>. D\u00f6ven O, Akku\u015f MN, \u00c7amsar\u0131 A, Pekdemir H, <strong>Kat\u0131rc\u0131ba\u015f\u0131 T<\/strong>, Cin G. \u201cCase presentation and literature review of a case treated with coronary angioplasty applied to protected left main coronary artery and saphenous vein graft\u201d Turkish Journal of Interventional Cardiology volume 6 issue 3 150-154; (2002)<\/p>\n<p><strong>D9<\/strong>. Cin VG, Pekdemir H, \u00c7amsar\u0131 A, D\u00f6ven O, <strong>Kat\u0131rc\u0131ba\u015f\u0131 T<\/strong>. \u201cResynchronization therapy in heart failure\u201d Istanbul University Cardiology Institute Journal. year 1 issue 2, 30-32; (2002)<\/p>\n<p><strong>D10.<\/strong> Akku\u015f MN, D\u00f6ven O, <strong>Kat\u0131rc\u0131ba\u015f\u0131 T<\/strong>, Pekdemir H, \u00c7amsar\u0131 A, Cin VG. \u201cStent implantation in the treatment of symptomatic coronary muscular bridge: case report\u201d Mersin University Faculty of Medicine Journal volume 3 issue 1 128-132; (2002)<\/p>\n<p><strong>D11<\/strong>. \u00c7amsar\u0131 A, Akku\u015f N, D\u00f6ven O, Pekdemir H, <strong>Kat\u0131rc\u0131ba\u015f\u0131 T<\/strong>, Cin VG. \u201cLung cancer case with cardiac metastasis whose first symptom was syncope\u201d Medikal Network Cardiology Journal vol 9 issue 3 220-221; (2002)<\/p>\n<p><strong>D12<\/strong>. Cin VG, <strong>Kat\u0131rc\u0131ba\u015f\u0131 MT<\/strong>. \u201cDiabetes Mellitus and percutaneous coronary interventions\u201d Istanbul University Cardiology Institute Journal year 2 issue 7, 20-23; (2003)<\/p>\n<p><strong>D13<\/strong>. Pekdemir H, \u00c7i\u00e7ek D, \u00c7amsar\u0131 A, Yurtda\u015f M, \u00d6zcan T, Ak\u00e7ay B, <strong>Kat\u0131rc\u0131ba\u015f\u0131 MT<\/strong> Cin VG \u201cHigh sensitive C reactive protein is associated with heart rate variability in patients with mitral annulus calcification\u201d Istanbul University Cardiology Institute Journal. year 3 issue 9;10-15; (2004)<\/p>\n<p><strong>D14<\/strong>. Akg\u00fcll\u00fc \u00c7, Binici S<strong>. Kat\u0131rc\u0131ba\u015f\u0131 M.T <\/strong>A rare cause of exertional dyspnea in adult life: Cor Triatriatum Sinister T\u00fcrkiye Klinikleri J Med Sci 2012 ; 32 267-270<\/p>\n<p>D15. Kat\u0131rc\u0131ba\u015f\u0131 MT, \u00d6zkan U Recanalization of total aortoiliac occlusion via contralateral aortofemoral bypass graft <a href=\"http:\/\/www.ncbi.nlm.nih.gov\/pubmed\/27439927\" target=\"_blank\" rel=\"noopener\">Turk Kardiyol Dern Ars.<\/a> 2016 Jul;44(5):414-7.doi:10.5543\/tkda.2015.77782.<\/p>\n<p><strong>D16 Kat\u0131rc\u0131ba\u015f\u0131 M.T, <\/strong>Eken A, Gemcitabine -Induced Coronary Vasospasm: A Case Report <a href=\"http:\/\/www.ncbi.nlm.nih.gov\/pubmed\/27439927\" target=\"_blank\" rel=\"noopener\">Turk Kardiyol Dern Ars.<\/a> 18. 7 2016<\/p>\n<p><strong>D17 Kat\u0131rc\u0131ba\u015f\u0131 MT<\/strong><strong>, <\/strong>\u00d6zkan U. Endovascular treatment of totally occluded main iliac artery using CO2 as contrast agent without ionized contrast material September 2017 DOI: 10.17517\/ksutfd.314305<\/p>\n<h2><u>Papers presented at national scientific meetings and published in the proceedings books:<\/u><\/h2>\n<p><strong>E1<\/strong>. <strong>Kat\u0131rc\u0131ba\u015f\u0131 MT, <\/strong>Ko\u00e7um HT, Baltal\u0131 M, Erol T, Tekin A, Yi\u011fit F, Tekin G, K\u0131z\u0131ltan HT Sezgin AT, M\u00fcderriso\u011flu H. \u201cEffect of female gender on prognosis in patients undergoing coronary bypass due to left main coronary artery disease\u201d XXII National Cardiology Congress Vol 34 P 157 Antalya 2006<\/p>\n<p><strong>E2. Kat\u0131rc\u0131ba\u015f\u0131 MT, <\/strong>Ko\u00e7um HT, Baltal\u0131 M, Erol T, Tekin A, Tekin G, Atalay H, Sezgin AT, Muderriso\u011flu H \u201cEffect of clinical presentation on mortality and determinants of mortality in patients with left main coronary artery disease\u201d XXII National Cardiology Congress Vol 34 SB 44 Antalya 2006<\/p>\n<p><strong>E3. Kat\u0131rc\u0131ba\u015f\u0131 MT, <\/strong>Ko\u00e7um HT, Tekin A, Erol T, Tekin G, Baltal\u0131 M, M\u00fcderriso\u011flu H. The role of ST segment elevations occurring in lead aVR and lead V1 during exercise test in predicting left main coronary artery disease. XXIII National Cardiology Congress Vol 30 P 152 Antalya 2007<\/p>\n<p><strong>E4. <\/strong>Sezgin AT<strong>, Kat\u0131rc\u0131ba\u015f\u0131 MT, <\/strong>Tekin A, Tekin G, Z\u00fcmr\u00fctdal A, Ko\u00e7um T, Erol T, Yi\u011fit F, A\u00e7\u0131l T, Ermi\u015f N, Demircan \u015e, M\u00fcderriso\u011flu H. \u201cPrevention of contrast nephropathy with Allopurinol. A randomized controlled study\u201d XXII National Cardiology Congress Vol 34 P 104 Antalya 2006<\/p>\n<p><strong>E5. <\/strong>Sezgin N<strong>, Kat\u0131rc\u0131ba\u015f\u0131 T, <\/strong>Canatar T, Sezgin AT, M\u00fcderrisoglu H. \u201cEffect of fluvastatin on anti-inflammatory cytokine IL-10 secretion in heart failure\u201d 19th National Biochemistry Congress Vol 30 P 115 Antalya 2005<\/p>\n<p><strong>E6. <\/strong>Pekdemir H, Akku\u015f M.N., \u00c7amsar\u0131 A, D\u00f6ve O, Cin VG, <strong>Kat\u0131rc\u0131ba\u015f\u0131 M.T. <\/strong>\u201cShort and long-term results of stent implantation in diabetic patients\u201d XVIII National Cardiology Congress Volume 30 P167 Antalya 2002<\/p>\n<p><strong>E7. <\/strong>Akku\u015f M.N., Pekdemir H., \u00c7amsar\u0131 V., Cin V.G., D\u00f6ven O., <strong>Kat\u0131rc\u0131ba\u015f\u0131 M.T<\/strong>., Parmaks\u0131z T. \u201cShort and long-term results of coronary stent implantation in elderly patients\u201d National Internal Medicine Congress P 182, Antalya 2002<\/p>\n<p><strong>E8. <\/strong>Akku\u015f M.N., D\u00f6ven O., Cin V.G., Parmaks\u0131z H.T., <strong>Kat\u0131rc\u0131ba\u015f\u0131 M.T<\/strong>., \u00d6zcan \u0130.T., Toku\u00e7cu E. \u201cEffect of beta blocker use on P wave dispersion in patients with class 3-4 heart failure\u201d National Internal Medicine Congress P 183, Antalya 2002<\/p>\n<p><strong>E9. <\/strong>Akku\u015f M.N. \u00c7amsar\u0131 A., Pekdemir H., D\u00f6ven O., Cin V.G., <strong>Kat\u0131rc\u0131ba\u015f\u0131 M.T<\/strong>., Parmaks\u0131z H.T. \u201cComparison of conventional balloon angioplasty with stent implantation in small diameter coronary vessel stenoses\u201d National Internal Medicine Congress P 184, Antalya 2002<\/p>\n<p><strong>E10. <\/strong>Pekdemir H, Toros F, \u00c7amsar\u0131 A, \u00c7i\u00e7ek D, Yurtda\u015f M, Parmaks\u0131z HT, <strong>Kat\u0131rc\u0131ba\u015f\u0131 MT. <\/strong>\u201cEffects of methylphenidate use in the treatment of attention deficit hyperactivity disorder on cardiovascular functions\u201d XIX National Cardiology Congress Vol 31 p 281 Antalya 2003<\/p>\n<p><strong>E11. <\/strong>\u00c7amsar\u0131 A, Pekdemir H, \u00c7i\u00e7ek D<strong>, Kat\u0131rc\u0131ba\u015f\u0131 MT<\/strong>, Parmaks\u0131z T, D\u00f6ven O, Cin VG. Endothelial functions in patients with mitral annulus calcification XIX National Cardiology Congress Vol 31 SB 114 Antalya 2003<\/p>\n<p><strong>E12<\/strong>. Akku\u015f MN, Pekdemir H, \u00c7amsar\u0131 A, \u00c7i\u00e7ek D,<strong> Kat\u0131rc\u0131ba\u015f\u0131 MT, <\/strong>D\u00f6ven O, Cin VG<strong>. <\/strong>\u201cEffectiveness and safety of coronary angioplasty in severe left ventricular dysfunction\u201d XIX National Cardiology Congress Vol 31 P 224 Antalya 2003<\/p>\n<p><strong>E13. <\/strong>Akku\u015f MN, Pata \u00d6, Tok E, Pekdemir H, \u00c7amsar\u0131 A, \u00c7i\u00e7ek D, Akta\u015f A<strong>, Kat\u0131rc\u0131ba\u015f\u0131 MT. <\/strong>\u201cEffect of hormone replacement therapy on TEI index in healthy postmenopausal women\u201d 5th National Internal Medicine Congress P 10236 Antalya 2003<\/p>\n<p><strong>E14. <\/strong>Tekin G, Tekin A, Canatar T, Sipahi \u0130. \u00dcnsal A, Erol T, Demircan \u015e, <strong>Kat\u0131rc\u0131ba\u015f\u0131 T,<\/strong> Ko\u00e7um HT, Ermi\u015f N, Sezgin AT, M\u00fcderriso\u011flu H. Effect of simvastatin on impaired heart rate recovery in patients with type 2 diabetes. National Cardiology Congress Vol 130 SB Antalya 2007<\/p>\n<h2><strong> <u>Other publications :<\/u><\/strong><\/h2>\n<p><strong><u>Chapters in book translations<\/u><\/strong><\/p>\n<p><strong>F1. <\/strong>Cin VG,<strong> Kat\u0131rc\u0131ba\u015f\u0131 MT. <\/strong>Normal Myocardial Functions<strong> <\/strong>\u201cCardiology\u201d Editor V. G\u00f6khan Cin 1-8 Nobel Medical Bookstores 2003<\/p>\n<div style='text-align:center' class='yasr-auto-insert-visitor'><\/div>","protected":false},"excerpt":{"rendered":"<p>Articles published in international peer-reviewed journals : A1. Katircibasi MT, Canatar T, Kocum HT, Erol T, Tekin G, Demircan S, Tekin A, Sezgin AT, Baltali M, Muderrisoglu H. \u201cDecreased heart rate recovery in patients with heart failure: effect of fluvastatin therapy.\u201d Int Heart J.; 46(5):845-54; Sep (2005) A2. Katircibasi MT, Deniz F, Pamukcu B, Binici [&#8230;]\n","protected":false},"author":1,"featured_media":0,"parent":0,"menu_order":0,"comment_status":"closed","ping_status":"closed","template":"","meta":{"yasr_overall_rating":0,"yasr_post_is_review":"","yasr_auto_insert_disabled":"","yasr_review_type":"","footnotes":""},"class_list":["post-1766","page","type-page","status-publish","hentry"],"yasr_visitor_votes":{"stars_attributes":{"read_only":false,"span_bottom":false},"number_of_votes":0,"sum_votes":0},"_links":{"self":[{"href":"https:\/\/tunakatircibasi.com\/en\/wp-json\/wp\/v2\/pages\/1766","targetHints":{"allow":["GET"]}}],"collection":[{"href":"https:\/\/tunakatircibasi.com\/en\/wp-json\/wp\/v2\/pages"}],"about":[{"href":"https:\/\/tunakatircibasi.com\/en\/wp-json\/wp\/v2\/types\/page"}],"author":[{"embeddable":true,"href":"https:\/\/tunakatircibasi.com\/en\/wp-json\/wp\/v2\/users\/1"}],"replies":[{"embeddable":true,"href":"https:\/\/tunakatircibasi.com\/en\/wp-json\/wp\/v2\/comments?post=1766"}],"version-history":[{"count":1,"href":"https:\/\/tunakatircibasi.com\/en\/wp-json\/wp\/v2\/pages\/1766\/revisions"}],"predecessor-version":[{"id":1815,"href":"https:\/\/tunakatircibasi.com\/en\/wp-json\/wp\/v2\/pages\/1766\/revisions\/1815"}],"wp:attachment":[{"href":"https:\/\/tunakatircibasi.com\/en\/wp-json\/wp\/v2\/media?parent=1766"}],"curies":[{"name":"wp","href":"https:\/\/api.w.org\/{rel}","templated":true}]}}